{"id":5,"date":"2025-05-15T22:36:25","date_gmt":"2025-05-15T20:36:25","guid":{"rendered":"http:\/\/boumela.cluster051.hosting.ovh.net\/?page_id=5"},"modified":"2025-05-15T22:36:25","modified_gmt":"2025-05-15T20:36:25","slug":"maquillage-enfants","status":"publish","type":"page","link":"https:\/\/boumela.ovh\/index.php\/maquillage-enfants\/","title":{"rendered":"Maquillage enfants."},"content":{"rendered":"\n<p>Apportez de la couleur et de la bonne humeur \u00e0 vos \u00e9v\u00e9nements sportifs en optant pour nos services de maquillage et de ballons pour enfants ! Nous sommes toujours pr\u00eats \u00e0 participer \u00e0 vos \u00e9v\u00e9nements<\/p>\n\n\n\n<figure class=\"wp-block-image\"><img decoding=\"async\" src=\"https:\/\/static.xx.fbcdn.net\/images\/emoji.php\/v9\/tea\/1\/16\/1f970.png\" alt=\"\ud83e\udd70\"\/><\/figure>\n\n\n\n<figure class=\"wp-block-image\"><img decoding=\"async\" src=\"https:\/\/static.xx.fbcdn.net\/images\/emoji.php\/v9\/t58\/1\/16\/1f929.png\" alt=\"\ud83e\udd29\"\/><\/figure>\n\n\n\n<figure class=\"wp-block-image size-full\"><img loading=\"lazy\" decoding=\"async\" width=\"600\" height=\"600\" src=\"http:\/\/boumela.cluster051.hosting.ovh.net\/wp-content\/uploads\/2025\/05\/480472510_511592911971977_585860065640806328_n.jpg\" alt=\"\" class=\"wp-image-7\" srcset=\"https:\/\/boumela.ovh\/wp-content\/uploads\/2025\/05\/480472510_511592911971977_585860065640806328_n.jpg 600w, https:\/\/boumela.ovh\/wp-content\/uploads\/2025\/05\/480472510_511592911971977_585860065640806328_n-300x300.jpg 300w, https:\/\/boumela.ovh\/wp-content\/uploads\/2025\/05\/480472510_511592911971977_585860065640806328_n-150x150.jpg 150w\" sizes=\"auto, (max-width: 600px) 100vw, 600px\" \/><\/figure>\n","protected":false},"excerpt":{"rendered":"<p>Apportez de la couleur et de la bonne humeur \u00e0 vos \u00e9v\u00e9nements sportifs en optant pour nos services de maquillage et de ballons pour enfants ! Nous sommes toujours pr\u00eats \u00e0 participer \u00e0 vos \u00e9v\u00e9nements<\/p>\n","protected":false},"author":1,"featured_media":0,"parent":0,"menu_order":0,"comment_status":"closed","ping_status":"closed","template":"","meta":{"footnotes":""},"class_list":["post-5","page","type-page","status-publish","hentry"],"jetpack_sharing_enabled":true,"_links":{"self":[{"href":"https:\/\/boumela.ovh\/index.php\/wp-json\/wp\/v2\/pages\/5","targetHints":{"allow":["GET"]}}],"collection":[{"href":"https:\/\/boumela.ovh\/index.php\/wp-json\/wp\/v2\/pages"}],"about":[{"href":"https:\/\/boumela.ovh\/index.php\/wp-json\/wp\/v2\/types\/page"}],"author":[{"embeddable":true,"href":"https:\/\/boumela.ovh\/index.php\/wp-json\/wp\/v2\/users\/1"}],"replies":[{"embeddable":true,"href":"https:\/\/boumela.ovh\/index.php\/wp-json\/wp\/v2\/comments?post=5"}],"version-history":[{"count":1,"href":"https:\/\/boumela.ovh\/index.php\/wp-json\/wp\/v2\/pages\/5\/revisions"}],"predecessor-version":[{"id":8,"href":"https:\/\/boumela.ovh\/index.php\/wp-json\/wp\/v2\/pages\/5\/revisions\/8"}],"wp:attachment":[{"href":"https:\/\/boumela.ovh\/index.php\/wp-json\/wp\/v2\/media?parent=5"}],"curies":[{"name":"wp","href":"https:\/\/api.w.org\/{rel}","templated":true}]}}